{"id":1833,"date":"2025-07-31T06:47:14","date_gmt":"2025-07-31T06:47:14","guid":{"rendered":"https:\/\/lazo.kr\/faq\/"},"modified":"2025-11-11T05:32:02","modified_gmt":"2025-11-11T05:32:02","slug":"faq","status":"publish","type":"page","link":"https:\/\/lazo.kr\/de\/faq\/","title":{"rendered":"FAQ"},"content":{"rendered":"[vc_row type=&#8220;full_width_content&#8220; full_screen_row_position=&#8220;middle&#8220; column_margin=&#8220;default&#8220; column_direction=&#8220;default&#8220; column_direction_tablet=&#8220;default&#8220; column_direction_phone=&#8220;default&#8220; scene_position=&#8220;center&#8220; bottom_padding=&#8220;100&#8243; bottom_padding_tablet=&#8220;70&#8243; bottom_padding_phone=&#8220;50&#8243; text_color=&#8220;dark&#8220; text_align=&#8220;left&#8220; row_border_radius=&#8220;none&#8220; row_border_radius_applies=&#8220;bg&#8220; overflow=&#8220;visible&#8220; overlay_strength=&#8220;0.3&#8243; gradient_direction=&#8220;left_to_right&#8220; shape_divider_position=&#8220;bottom&#8220; bg_image_animation=&#8220;none&#8220; gradient_type=&#8220;default&#8220; shape_type=&#8220;&#8220;][vc_column top_padding_desktop=&#8220;150&#8243; constrain_group_100=&#8220;yes&#8220; bottom_padding_desktop=&#8220;150&#8243; top_padding_tablet=&#8220;100&#8243; constrain_group_102=&#8220;yes&#8220; bottom_padding_tablet=&#8220;100&#8243; top_padding_phone=&#8220;60&#8243; constrain_group_104=&#8220;yes&#8220; bottom_padding_phone=&#8220;60&#8243; column_element_direction_desktop=&#8220;default&#8220; column_element_spacing=&#8220;10px&#8220; centered_text=&#8220;true&#8220; desktop_text_alignment=&#8220;default&#8220; tablet_text_alignment=&#8220;default&#8220; phone_text_alignment=&#8220;default&#8220; background_color_opacity=&#8220;1&#8243; background_hover_color_opacity=&#8220;1&#8243; background_image=&#8220;166&#8243; background_image_position=&#8220;center center&#8220; background_image_stacking=&#8220;default&#8220; enable_bg_scale=&#8220;true&#8220; background_image_loading=&#8220;default&#8220; column_backdrop_filter=&#8220;none&#8220; column_shadow=&#8220;none&#8220; column_border_radius=&#8220;none&#8220; column_link_target=&#8220;_self&#8220; column_position=&#8220;default&#8220; color_overlay=&#8220;#FFFFFF7A&#8220; gradient_direction=&#8220;left_to_right&#8220; overlay_strength=&#8220;0.3&#8243; width=&#8220;1\/1&#8243; tablet_width_inherit=&#8220;default&#8220; animation_type=&#8220;default&#8220; bg_image_animation=&#8220;none&#8220; border_type=&#8220;simple&#8220; column_border_width=&#8220;none&#8220; column_border_style=&#8220;solid&#8220; column_padding_type=&#8220;advanced&#8220; gradient_type=&#8220;default&#8220;][nectar_responsive_text inherited_font_style=&#8220;default&#8220; text_color=&#8220;#000000&#8243; text_direction=&#8220;default&#8220;]\n<h1><strong style=\"font-weight: 800;\">FAQ<\/strong><\/h1>\n[\/nectar_responsive_text][\/vc_column][\/vc_row][vc_row type=&#8220;in_container&#8220; full_screen_row_position=&#8220;middle&#8220; column_margin=&#8220;default&#8220; column_direction=&#8220;default&#8220; column_direction_tablet=&#8220;default&#8220; column_direction_phone=&#8220;default&#8220; scene_position=&#8220;center&#8220; bottom_padding=&#8220;30&#8243; text_color=&#8220;dark&#8220; text_align=&#8220;left&#8220; row_border_radius=&#8220;none&#8220; row_border_radius_applies=&#8220;bg&#8220; overflow=&#8220;visible&#8220; disable_element=&#8220;yes&#8220; overlay_strength=&#8220;0.3&#8243; gradient_direction=&#8220;left_to_right&#8220; shape_divider_position=&#8220;bottom&#8220; bg_image_animation=&#8220;none&#8220; gradient_type=&#8220;default&#8220; shape_type=&#8220;&#8220;][vc_column column_padding=&#8220;no-extra-padding&#8220; column_padding_tablet=&#8220;inherit&#8220; column_padding_phone=&#8220;inherit&#8220; column_padding_position=&#8220;all&#8220; column_element_direction_desktop=&#8220;default&#8220; column_element_spacing=&#8220;default&#8220; centered_text=&#8220;true&#8220; desktop_text_alignment=&#8220;default&#8220; tablet_text_alignment=&#8220;default&#8220; phone_text_alignment=&#8220;default&#8220; background_color_opacity=&#8220;1&#8243; background_hover_color_opacity=&#8220;1&#8243; column_backdrop_filter=&#8220;none&#8220; column_shadow=&#8220;none&#8220; column_border_radius=&#8220;none&#8220; column_link_target=&#8220;_self&#8220; column_position=&#8220;default&#8220; gradient_direction=&#8220;left_to_right&#8220; overlay_strength=&#8220;0.3&#8243; width=&#8220;1\/1&#8243; tablet_width_inherit=&#8220;default&#8220; animation_type=&#8220;default&#8220; bg_image_animation=&#8220;none&#8220; border_type=&#8220;simple&#8220; column_border_width=&#8220;none&#8220; column_border_style=&#8220;solid&#8220; column_padding_type=&#8220;default&#8220; gradient_type=&#8220;default&#8220;][nectar_responsive_text inherited_font_style=&#8220;default&#8220; text_direction=&#8220;default&#8220;]\n<h2><strong>FAQ<\/strong><\/h2>\n[\/nectar_responsive_text][\/vc_column][\/vc_row][vc_row type=&#8220;in_container&#8220; full_screen_row_position=&#8220;middle&#8220; column_margin=&#8220;default&#8220; column_direction=&#8220;default&#8220; column_direction_tablet=&#8220;default&#8220; column_direction_phone=&#8220;default&#8220; scene_position=&#8220;center&#8220; bottom_padding=&#8220;70&#8243; left_padding_desktop=&#8220;50&#8243; constrain_group_2=&#8220;yes&#8220; right_padding_desktop=&#8220;50&#8243; bottom_padding_tablet=&#8220;50&#8243; left_padding_tablet=&#8220;0&#8243; constrain_group_4=&#8220;yes&#8220; right_padding_tablet=&#8220;0&#8243; bottom_padding_phone=&#8220;30&#8243; left_padding_phone=&#8220;0&#8243; constrain_group_6=&#8220;yes&#8220; right_padding_phone=&#8220;0&#8243; text_color=&#8220;dark&#8220; text_align=&#8220;left&#8220; row_border_radius=&#8220;none&#8220; row_border_radius_applies=&#8220;bg&#8220; overflow=&#8220;visible&#8220; overlay_strength=&#8220;0.3&#8243; gradient_direction=&#8220;left_to_right&#8220; shape_divider_position=&#8220;bottom&#8220; bg_image_animation=&#8220;none&#8220; gradient_type=&#8220;default&#8220; shape_type=&#8220;&#8220;][vc_column top_padding_desktop=&#8220;50&#8243; constrain_group_100=&#8220;yes&#8220; bottom_padding_desktop=&#8220;50&#8243; left_padding_desktop=&#8220;50&#8243; constrain_group_101=&#8220;yes&#8220; right_padding_desktop=&#8220;50&#8243; top_padding_tablet=&#8220;30&#8243; constrain_group_102=&#8220;yes&#8220; bottom_padding_tablet=&#8220;30&#8243; left_padding_tablet=&#8220;15&#8243; constrain_group_103=&#8220;yes&#8220; right_padding_tablet=&#8220;15&#8243; top_padding_phone=&#8220;30&#8243; constrain_group_104=&#8220;yes&#8220; bottom_padding_phone=&#8220;30&#8243; left_padding_phone=&#8220;15&#8243; constrain_group_105=&#8220;yes&#8220; right_padding_phone=&#8220;15&#8243; column_element_direction_desktop=&#8220;default&#8220; column_element_spacing=&#8220;default&#8220; desktop_text_alignment=&#8220;default&#8220; tablet_text_alignment=&#8220;default&#8220; phone_text_alignment=&#8220;default&#8220; background_color=&#8220;#FFFFFF&#8220; background_color_opacity=&#8220;1&#8243; background_hover_color_opacity=&#8220;1&#8243; column_backdrop_filter=&#8220;none&#8220; column_shadow=&#8220;small_depth&#8220; column_border_radius=&#8220;5px&#8220; column_link_target=&#8220;_self&#8220; column_position=&#8220;default&#8220; gradient_direction=&#8220;left_to_right&#8220; overlay_strength=&#8220;0.3&#8243; width=&#8220;1\/1&#8243; tablet_width_inherit=&#8220;default&#8220; animation_type=&#8220;default&#8220; bg_image_animation=&#8220;none&#8220; border_type=&#8220;simple&#8220; column_border_width=&#8220;none&#8220; column_border_style=&#8220;solid&#8220; column_padding_type=&#8220;advanced&#8220; gradient_type=&#8220;default&#8220;][toggles style=&#8220;minimal&#8220; accordion=&#8220;true&#8220; accordion_starting_functionality=&#8220;default&#8220;][toggle color=&#8220;Default&#8220; heading_tag=&#8220;h4&#8243; heading_tag_functionality=&#8220;default&#8220; title=&#8220;Was ist die Mindestbestellmenge?&#8220;]<div class=\"nectar-fancy-ul font_size_desktop_20px font_size_tablet_18px font_size_phone_16px font_line_height_1-4\" data-list-icon=\"icon-salient-thin-line\" data-animation=\"false\" data-animation-delay=\"0\" data-color=\"accent-color\" data-spacing=\"10px\" data-alignment=\"left\"> \n<ul style=\"margin-bottom: 0;\">\n<li><strong>Instant-Ramen-Kocher:<\/strong> Ab 1 St\u00fcck<\/li>\n<li><strong>Spezieller Kochbeh\u00e4lter:<\/strong> Ab 1 Karton<\/li>\n<\/ul>\n <\/div>[\/toggle][toggle color=&#8220;Default&#8220; heading_tag=&#8220;h4&#8243; heading_tag_functionality=&#8220;default&#8220; title=&#8220;Wer ist f\u00fcr die Versandkosten verantwortlich?&#8220;]<div class=\"nectar-fancy-ul font_size_desktop_20px font_size_tablet_18px font_size_phone_16px font_line_height_1-4\" data-list-icon=\"icon-salient-thin-line\" data-animation=\"false\" data-animation-delay=\"0\" data-color=\"accent-color\" data-spacing=\"10px\" data-alignment=\"left\"> \n<ul style=\"margin-bottom: 0;\">\n<li>Der K\u00e4ufer (Importeur) tr\u00e4gt die Versandkosten. (EXW \u2013 Ab Werk)<\/li>\n<\/ul>\n <\/div>[\/toggle][toggle color=&#8220;Default&#8220; heading_tag=&#8220;h4&#8243; heading_tag_functionality=&#8220;default&#8220; title=&#8220;Was ist die Lieferzeit?&#8220;][vc_column_text css=&#8220;&#8220; text_direction=&#8220;default&#8220;]\n<table class=\"faq-table\">\n<tbody>\n<tr class=\"title\">\n<td>Typ<\/td>\n<td>Menge<\/td>\n<td>Lieferzeitraum<\/td>\n<\/tr>\n<tr>\n<td class=\"sub-title\" rowspan=\"2\">Instant-Ramen-Kocher<\/td>\n<td>Weniger als 30 St\u00fcck<\/td>\n<td>Versand sofort nach Bestellung<\/td>\n<\/tr>\n<tr>\n<td>30 St\u00fcck oder mehr<\/td>\n<td>Versand innerhalb von 1 Monat nach Bestellung<\/td>\n<\/tr>\n<tr>\n<td class=\"sub-title\" rowspan=\"2\">Kochbeh\u00e4lter<\/td>\n<td>Weniger als 30 Kartons<\/td>\n<td>Versand sofort nach Bestellung<\/td>\n<\/tr>\n<tr>\n<td>30 Kartons oder mehr<\/td>\n<td>Versand innerhalb von 1 Monat nach Bestellung<\/td>\n<\/tr>\n<\/tbody>\n<\/table>\n[\/vc_column_text][\/toggle][toggle color=&#8220;Default&#8220; heading_tag=&#8220;h4&#8243; heading_tag_functionality=&#8220;default&#8220; title=&#8220;Wie wird der Kundendienst (A\/S) gehandhabt?&#8220;]<div class=\"nectar-fancy-ul font_size_desktop_20px font_size_tablet_18px font_size_phone_16px font_line_height_1-4\" data-list-icon=\"icon-salient-thin-line\" data-animation=\"false\" data-animation-delay=\"0\" data-color=\"accent-color\" data-spacing=\"10px\" data-alignment=\"left\"> \n<h5 style=\"font-weight: 600;\">[Export]<\/h5>\n<ul style=\"margin-bottom: 0;\">\n<li>Der Importeur ist verantwortlich. (Instant-Ramen-Kocher sind f\u00fcr den einfachen Austausch defekter Teile ausgelegt.)<\/li>\n<li>IDEA stellt Anleitungsvideos zur Unterst\u00fctzung beim Teilaustausch und Kundendienst bereit.<\/li>\n<li>Teile sind k\u00e4uflich zu erwerben.<\/li>\n<\/ul>\n <\/div>[divider line_type=&#8220;No Line&#8220; custom_height=&#8220;40&#8243; custom_height_phone=&#8220;15&#8243; custom_height_tablet=&#8220;20&#8243;]<div class=\"nectar-fancy-ul font_size_desktop_20px font_size_tablet_18px font_size_phone_16px font_line_height_1-4\" data-list-icon=\"icon-salient-thin-line\" data-animation=\"false\" data-animation-delay=\"0\" data-color=\"accent-color\" data-spacing=\"10px\" data-alignment=\"left\"> \n<h5 style=\"font-weight: 600;\">[inland]<\/h5>\n<ul style=\"margin-bottom: 0;\">\n<li>Wir akzeptieren keine R\u00fccksendungen aufgrund eines Sinneswandels.<\/li>\n<li>Bei Produktm\u00e4ngeln wird ein 1-j\u00e4hriger kostenloser Kundendienst (A\/S) gew\u00e4hrt.<\/li>\n<li>Bei Problemen, die durch Fahrl\u00e4ssigkeit des Benutzers w\u00e4hrend des Gebrauchs verursacht werden, ist der Kundendienst (A\/S) kostenpflichtig.<\/li>\n<li>Filter m\u00fcssen regelm\u00e4\u00dfig ausgetauscht werden. Der Kundendienst (A\/S) aufgrund eines nicht erfolgten Filterwechsels ist kostenpflichtig.<\/li>\n<\/ul>\n <\/div>[\/toggle][toggle color=&#8220;Default&#8220; heading_tag=&#8220;h4&#8243; heading_tag_functionality=&#8220;default&#8220; title=&#8220;Bei einer Bestellung von mehr als 30.000 Beh\u00e4ltern bieten wir individuellen Druck mit Ihrem gew\u00fcnschten Design an.&#8220;]<div class=\"nectar-fancy-ul font_size_desktop_20px font_size_tablet_18px font_size_phone_16px font_line_height_1-4\" data-list-icon=\"icon-salient-thin-line\" data-animation=\"false\" data-animation-delay=\"0\" data-color=\"accent-color\" data-spacing=\"10px\" data-alignment=\"left\"> \n<ul style=\"margin-bottom: 0;\">\n<li>Das Design muss vom Kunden bereitgestellt werden.<\/li>\n<li>Der Druck erfolgt zweifarbig. (Zus\u00e4tzliche Kosten fallen f\u00fcr jede weitere Farbe an.)<\/li>\n<li>Die Sonderanfertigung dauert etwa einen Monat von der Designbest\u00e4tigung bis zur Lieferung.<\/li>\n<\/ul>\n <\/div>[\/toggle][\/toggles][vc_row_inner column_margin=&#8220;default&#8220; column_direction=&#8220;default&#8220; column_direction_tablet=&#8220;default&#8220; column_direction_phone=&#8220;default&#8220; top_padding=&#8220;10&#8243; text_align=&#8220;left&#8220; row_position=&#8220;default&#8220; row_position_tablet=&#8220;inherit&#8220; row_position_phone=&#8220;inherit&#8220; overflow=&#8220;visible&#8220; pointer_events=&#8220;all&#8220;][vc_column_inner column_padding=&#8220;no-extra-padding&#8220; column_padding_tablet=&#8220;inherit&#8220; column_padding_phone=&#8220;inherit&#8220; column_padding_position=&#8220;all&#8220; column_element_direction_desktop=&#8220;default&#8220; column_element_spacing=&#8220;default&#8220; desktop_text_alignment=&#8220;default&#8220; tablet_text_alignment=&#8220;default&#8220; phone_text_alignment=&#8220;default&#8220; background_color_opacity=&#8220;1&#8243; background_hover_color_opacity=&#8220;1&#8243; column_backdrop_filter=&#8220;none&#8220; column_shadow=&#8220;none&#8220; column_border_radius=&#8220;none&#8220; column_link_target=&#8220;_self&#8220; overflow=&#8220;visible&#8220; gradient_direction=&#8220;left_to_right&#8220; overlay_strength=&#8220;0.3&#8243; width=&#8220;1\/1&#8243; tablet_width_inherit=&#8220;default&#8220; animation_type=&#8220;default&#8220; bg_image_animation=&#8220;none&#8220; border_type=&#8220;simple&#8220; column_border_width=&#8220;none&#8220; column_border_style=&#8220;solid&#8220;][nectar_responsive_text inherited_font_style=&#8220;default&#8220; text_direction=&#8220;default&#8220;]\n<h4><strong>Bei Bestellungen von 100 oder mehr Ramen-Kochern bieten wir eine Sprachanpassung des Bedienfelds nach Kundenwunsch an.<\/strong><\/h4>\n[\/nectar_responsive_text][\/vc_column_inner][\/vc_row_inner][\/vc_column][\/vc_row]\n","protected":false},"excerpt":{"rendered":"<p>[vc_row type=&#8220;full_width_content&#8220; full_screen_row_position=&#8220;middle&#8220; column_margin=&#8220;default&#8220; column_direction=&#8220;default&#8220; column_direction_tablet=&#8220;default&#8220; column_direction_phone=&#8220;default&#8220; scene_position=&#8220;center&#8220; bottom_padding=&#8220;100&#8243; bottom_padding_tablet=&#8220;70&#8243; bottom_padding_phone=&#8220;50&#8243; text_color=&#8220;dark&#8220; text_align=&#8220;left&#8220; row_border_radius=&#8220;none&#8220; row_border_radius_applies=&#8220;bg&#8220; overflow=&#8220;visible&#8220; overlay_strength=&#8220;0.3&#8243; gradient_direction=&#8220;left_to_right&#8220; shape_divider_position=&#8220;bottom&#8220; bg_image_animation=&#8220;none&#8220; gradient_type=&#8220;default&#8220; shape_type=&#8220;&#8220;][vc_column top_padding_desktop=&#8220;150&#8243; constrain_group_100=&#8220;yes&#8220; bottom_padding_desktop=&#8220;150&#8243; top_padding_tablet=&#8220;100&#8243; constrain_group_102=&#8220;yes&#8220; bottom_padding_tablet=&#8220;100&#8243; top_padding_phone=&#8220;60&#8243; constrain_group_104=&#8220;yes&#8220;&#8230;<\/p>\n","protected":false},"author":1,"featured_media":0,"parent":0,"menu_order":0,"comment_status":"closed","ping_status":"closed","template":"","meta":{"footnotes":""},"class_list":["post-1833","page","type-page","status-publish"],"_links":{"self":[{"href":"https:\/\/lazo.kr\/de\/wp-json\/wp\/v2\/pages\/1833","targetHints":{"allow":["GET"]}}],"collection":[{"href":"https:\/\/lazo.kr\/de\/wp-json\/wp\/v2\/pages"}],"about":[{"href":"https:\/\/lazo.kr\/de\/wp-json\/wp\/v2\/types\/page"}],"author":[{"embeddable":true,"href":"https:\/\/lazo.kr\/de\/wp-json\/wp\/v2\/users\/1"}],"replies":[{"embeddable":true,"href":"https:\/\/lazo.kr\/de\/wp-json\/wp\/v2\/comments?post=1833"}],"version-history":[{"count":2,"href":"https:\/\/lazo.kr\/de\/wp-json\/wp\/v2\/pages\/1833\/revisions"}],"predecessor-version":[{"id":2418,"href":"https:\/\/lazo.kr\/de\/wp-json\/wp\/v2\/pages\/1833\/revisions\/2418"}],"wp:attachment":[{"href":"https:\/\/lazo.kr\/de\/wp-json\/wp\/v2\/media?parent=1833"}],"curies":[{"name":"wp","href":"https:\/\/api.w.org\/{rel}","templated":true}]}}